{"id":487,"date":"2021-02-13T16:30:27","date_gmt":"2021-02-13T15:30:27","guid":{"rendered":"http:\/\/www.seelaenderspargeln.ch\/?page_id=487"},"modified":"2021-04-14T06:32:27","modified_gmt":"2021-04-14T05:32:27","slug":"anfahrt-kontakt","status":"publish","type":"page","link":"https:\/\/www.seelaenderspargeln.ch\/fr\/anfahrt-kontakt\/","title":{"rendered":"O\u00f9 nous trouver \/ Contact"},"content":{"rendered":"<p>[et_pb_section fb_built=&#187;1&#8243; custom_padding_last_edited=&#187;off|desktop&#187; admin_label=&#187;Header&#187; _builder_version=&#187;4.9.2&#8243; use_background_color_gradient=&#187;on&#187; background_color_gradient_start=&#187;rgba(38,45,63,0.67)&#187; background_color_gradient_end=&#187;#262d3f&#187; background_color_gradient_overlays_image=&#187;on&#187; background_image=&#187;https:\/\/www.seelaenderspargeln.ch\/wp-content\/uploads\/2021\/02\/Halle-neu.jpg&#187; custom_padding=&#187;5vw||5vw||true|false&#187; custom_padding_tablet=&#187;170px||50px|&#187;][et_pb_row _builder_version=&#187;3.25&#8243;][et_pb_column type=&#187;4_4&#8243; _builder_version=&#187;3.25&#8243; custom_padding=&#187;|||&#187; custom_padding__hover=&#187;|||&#187;][et_pb_text admin_label=&#187;Title&#187; _builder_version=&#187;4.9.1&#8243; text_font=&#187;||||||||&#187; header_font=&#187;Oswald|700|on|on|||||&#187; header_font_size=&#187;4.9vw&#187; header_letter_spacing=&#187;0.18em&#187; header_line_height=&#187;1.4em&#187; header_2_font=&#187;||||||||&#187; text_orientation=&#187;center&#187; background_layout=&#187;dark&#187; custom_margin=&#187;||0px&#187; custom_margin_tablet=&#187;|||0vw&#187; custom_margin_phone=&#187;||0px&#187; custom_margin_last_edited=&#187;off|desktop&#187; animation_style=&#187;slide&#187; animation_direction=&#187;top&#187; animation_delay=&#187;100ms&#187; animation_intensity_slide=&#187;10%&#187; header_font_size_tablet=&#187;7.5vw&#187; header_font_size_phone=&#187;&#187; header_font_size_last_edited=&#187;on|phone&#187; header_text_shadow_style=&#187;preset3&#8243; header_text_shadow_blur_strength=&#187;0.4em&#187; header_text_shadow_color=&#187;rgba(255,255,255,0.6)&#187; header_2_font_size__hover=&#187;26px&#187; header_2_font_size__hover_enabled=&#187;26px&#187; header_2_letter_spacing__hover=&#187;0px&#187; header_2_letter_spacing__hover_enabled=&#187;0px&#187; header_2_line_height__hover=&#187;1em&#187; header_2_line_height__hover_enabled=&#187;1em&#187; header_2_text_shadow_style__hover=&#187;none&#187; header_2_text_shadow_style__hover_enabled=&#187;none&#187; header_2_text_shadow_color__hover=&#187;rgba(0,0,0,0.4)&#187; header_2_text_shadow_color__hover_enabled=&#187;rgba(0,0,0,0.4)&#187;]<\/p>\n<h1>Rendez nous visite<\/h1>\n<p>[\/et_pb_text][\/et_pb_column][\/et_pb_row][et_pb_row _builder_version=&#187;4.9.1&#8243; _module_preset=&#187;default&#187;][et_pb_column type=&#187;4_4&#8243; _builder_version=&#187;4.9.1&#8243; _module_preset=&#187;default&#187;][et_pb_text _builder_version=&#187;4.9.2&#8243; _module_preset=&#187;default&#187; text_text_color=&#187;#FFFFFF&#187; text_font_size=&#187;16px&#187; header_font=&#187;||||||||&#187; header_text_color=&#187;#FFFFFF&#187; header_2_text_color=&#187;#FFFFFF&#187;]<\/p>\n<h2 style=\"text-align: center;\"><strong>Seel\u00e4nderspargeln GmbH<br \/><\/strong><\/h2>\n<h2 style=\"text-align: center;\"><strong>Moosgasse 20<\/strong><\/h2>\n<h2 style=\"text-align: center;\"><strong>3284 Fr\u00e4schels<\/strong><\/h2>\n<h2 style=\"text-align: center;\"><strong>031 755 65 14<br \/><\/strong><\/h2>\n<p>[\/et_pb_text][\/et_pb_column][\/et_pb_row][\/et_pb_section][et_pb_section fb_built=&#187;1&#8243; custom_padding_last_edited=&#187;off|desktop&#187; admin_label=&#187;Header&#187; _builder_version=&#187;4.9.2&#8243; use_background_color_gradient=&#187;on&#187; background_color_gradient_start=&#187;rgba(38,45,63,0.2)&#187; background_color_gradient_end=&#187;#262d3f&#187; background_color_gradient_overlays_image=&#187;on&#187; background_image=&#187;https:\/\/www.seelaenderspargeln.ch\/wp-content\/uploads\/2020\/04\/regional.jpg&#187; custom_padding=&#187;5vw||5vw||true|false&#187; custom_padding_tablet=&#187;170px||50px|&#187;][et_pb_row _builder_version=&#187;3.25&#8243;][et_pb_column type=&#187;4_4&#8243; _builder_version=&#187;3.25&#8243; custom_padding=&#187;|||&#187; custom_padding__hover=&#187;|||&#187;][et_pb_code _builder_version=&#187;4.9.1&#8243; _module_preset=&#187;default&#187;]<iframe src=\"https:\/\/www.google.com\/maps\/embed?pb=!1m16!1m12!1m3!1d21775.50091322422!2d7.189767872261009!3d46.98255996547128!2m3!1f0!2f0!3f0!3m2!1i1024!2i768!4f13.1!2m1!1sseel%C3%A4nderspargeln!5e0!3m2!1sde!2sch!4v1616559388098!5m2!1sde!2sch\" width=\"1200\" height=\"400\" style=\"border:0;\" allowfullscreen=\"\" loading=\"lazy\"><\/iframe>[\/et_pb_code][\/et_pb_column][\/et_pb_row][\/et_pb_section][et_pb_section fb_built=&#187;1&#8243; _builder_version=&#187;4.9.2&#8243; _module_preset=&#187;default&#187; background_image=&#187;https:\/\/www.seelaenderspargeln.ch\/wp-content\/uploads\/2020\/04\/walm1.jpg&#187;][et_pb_row _builder_version=&#187;4.9.1&#8243; _module_preset=&#187;default&#187;][et_pb_column type=&#187;4_4&#8243; _builder_version=&#187;4.9.1&#8243; _module_preset=&#187;default&#187;][et_pb_contact_form captcha=&#187;off&#187; email=&#187;admin@seelaenderspargeln.ch&#187; title=&#187;Kontaktformular&#187; custom_message=&#187;Folgende Nachricht erreicht uns \u00fcber das allgemeine Kontaktformular:||et_pb_line_break_holder||||et_pb_line_break_holder||Name: %%Vorname%% %%Nachname%%||et_pb_line_break_holder||||et_pb_line_break_holder||E-Mail: %%Email%%||et_pb_line_break_holder||||et_pb_line_break_holder||Nachricht: %%Message%%||et_pb_line_break_holder||||et_pb_line_break_holder||Newsletter: %%Newsletter%%&#187; use_redirect=&#187;on&#187; redirect_url=&#187;https:\/\/www.seelaenderspargeln.ch\/?page_id=1183&#8243; submit_button_text=&#187;Absenden&#187; admin_label=&#187;Kontaktformular allgemein&#187; _builder_version=&#187;4.9.2&#8243; _module_preset=&#187;default&#187; title_text_color=&#187;#FFFFFF&#187; captcha_text_color=&#187;#FFFFFF&#187; custom_button=&#187;on&#187; button_text_color=&#187;#FFFFFF&#187; button_bg_color=&#187;#a1d82c&#187; button_border_width=&#187;0px&#187; button_border_radius=&#187;14px&#187; hover_enabled=&#187;0&#8243; box_shadow_style_button=&#187;preset2&#8243; box_shadow_color_button=&#187;#a1d82c&#187; sticky_enabled=&#187;0&#8243;][et_pb_contact_field field_id=&#187;Vorname&#187; field_title=&#187;Vorname:&#187; _builder_version=&#187;4.9.2&#8243; border_radii=&#187;on|16px|16px|16px|16px&#187; button_text_size__hover_enabled=&#187;off&#187; button_one_text_size__hover_enabled=&#187;off&#187; button_two_text_size__hover_enabled=&#187;off&#187; button_text_color__hover_enabled=&#187;off&#187; button_one_text_color__hover_enabled=&#187;off&#187; button_two_text_color__hover_enabled=&#187;off&#187; button_border_width__hover_enabled=&#187;off&#187; button_one_border_width__hover_enabled=&#187;off&#187; button_two_border_width__hover_enabled=&#187;off&#187; button_border_color__hover_enabled=&#187;off&#187; button_one_border_color__hover_enabled=&#187;off&#187; button_two_border_color__hover_enabled=&#187;off&#187; button_border_radius__hover_enabled=&#187;off&#187; button_one_border_radius__hover_enabled=&#187;off&#187; button_two_border_radius__hover_enabled=&#187;off&#187; button_letter_spacing__hover_enabled=&#187;off&#187; button_one_letter_spacing__hover_enabled=&#187;off&#187; button_two_letter_spacing__hover_enabled=&#187;off&#187; button_bg_color__hover_enabled=&#187;off&#187; button_one_bg_color__hover_enabled=&#187;off&#187; button_two_bg_color__hover_enabled=&#187;off&#187;][\/et_pb_contact_field][et_pb_contact_field field_id=&#187;Nachname&#187; field_title=&#187;Nachname:&#187; _builder_version=&#187;4.9.2&#8243; border_radii=&#187;on|16px|16px|16px|16px&#187; button_text_size__hover_enabled=&#187;off&#187; button_one_text_size__hover_enabled=&#187;off&#187; button_two_text_size__hover_enabled=&#187;off&#187; button_text_color__hover_enabled=&#187;off&#187; button_one_text_color__hover_enabled=&#187;off&#187; button_two_text_color__hover_enabled=&#187;off&#187; button_border_width__hover_enabled=&#187;off&#187; button_one_border_width__hover_enabled=&#187;off&#187; button_two_border_width__hover_enabled=&#187;off&#187; button_border_color__hover_enabled=&#187;off&#187; button_one_border_color__hover_enabled=&#187;off&#187; button_two_border_color__hover_enabled=&#187;off&#187; button_border_radius__hover_enabled=&#187;off&#187; button_one_border_radius__hover_enabled=&#187;off&#187; button_two_border_radius__hover_enabled=&#187;off&#187; button_letter_spacing__hover_enabled=&#187;off&#187; button_one_letter_spacing__hover_enabled=&#187;off&#187; button_two_letter_spacing__hover_enabled=&#187;off&#187; button_bg_color__hover_enabled=&#187;off&#187; button_one_bg_color__hover_enabled=&#187;off&#187; button_two_bg_color__hover_enabled=&#187;off&#187;][\/et_pb_contact_field][et_pb_contact_field field_id=&#187;EMail&#187; field_title=&#187;E-Mail-Adresse:&#187; field_type=&#187;email&#187; fullwidth_field=&#187;on&#187; _builder_version=&#187;4.9.2&#8243; _module_preset=&#187;default&#187; border_radii=&#187;on|16px|16px|16px|16px&#187;][\/et_pb_contact_field][et_pb_contact_field field_id=&#187;Newsletter&#187; field_title=&#187;Informiert bleiben:&#187; field_type=&#187;checkbox&#187; checkbox_options=&#187;%91{%22value%22:%22Ich habe Interesse am Newsletter der Seel\u00e4nderspargeln GmbH.%22,%22checked%22:0,%22dragID%22:-1}%93&#8243; required_mark=&#187;off&#187; fullwidth_field=&#187;on&#187; _builder_version=&#187;4.9.2&#8243; _module_preset=&#187;default&#187; form_field_background_color=&#187;#B3B3B3&#8243; form_field_text_color=&#187;#FFFFFF&#187; form_field_focus_background_color=&#187;RGBA(0,0,0,0)&#187; background_color=&#187;RGBA(0,0,0,0)&#187; background_enable_color=&#187;on&#187; hover_enabled=&#187;0&#8243; custom_css_main_element=&#187;color:#ffffff;&#187; border_radii=&#187;on|5px|5px|5px|5px&#187; sticky_enabled=&#187;0&#8243;][\/et_pb_contact_field][et_pb_contact_field field_id=&#187;Message&#187; field_title=&#187;Ihre Nachricht:&#187; field_type=&#187;text&#187; fullwidth_field=&#187;on&#187; _builder_version=&#187;4.9.2&#8243; border_radii=&#187;on|16px|16px|16px|16px&#187; button_text_size__hover_enabled=&#187;off&#187; button_one_text_size__hover_enabled=&#187;off&#187; button_two_text_size__hover_enabled=&#187;off&#187; button_text_color__hover_enabled=&#187;off&#187; button_one_text_color__hover_enabled=&#187;off&#187; button_two_text_color__hover_enabled=&#187;off&#187; button_border_width__hover_enabled=&#187;off&#187; button_one_border_width__hover_enabled=&#187;off&#187; button_two_border_width__hover_enabled=&#187;off&#187; button_border_color__hover_enabled=&#187;off&#187; button_one_border_color__hover_enabled=&#187;off&#187; button_two_border_color__hover_enabled=&#187;off&#187; button_border_radius__hover_enabled=&#187;off&#187; button_one_border_radius__hover_enabled=&#187;off&#187; button_two_border_radius__hover_enabled=&#187;off&#187; button_letter_spacing__hover_enabled=&#187;off&#187; button_one_letter_spacing__hover_enabled=&#187;off&#187; button_two_letter_spacing__hover_enabled=&#187;off&#187; button_bg_color__hover_enabled=&#187;off&#187; button_one_bg_color__hover_enabled=&#187;off&#187; button_two_bg_color__hover_enabled=&#187;off&#187;][\/et_pb_contact_field][\/et_pb_contact_form][\/et_pb_column][\/et_pb_row][\/et_pb_section]<\/p>","protected":false},"excerpt":{"rendered":"<p>[et_pb_section fb_built=&#187;1&#8243; custom_padding_last_edited=&#187;off|desktop&#187; admin_label=&#187;Header&#187; _builder_version=&#187;4.9.2&#8243; use_background_color_gradient=&#187;on&#187; background_color_gradient_start=&#187;rgba(38,45,63,0.67)&#187; background_color_gradient_end=&#187;#262d3f&#187; background_color_gradient_overlays_image=&#187;on&#187; background_image=&#187;https:\/\/www.seelaenderspargeln.ch\/wp-content\/uploads\/2021\/02\/Halle-neu.jpg&#187; custom_padding=&#187;5vw||5vw||true|false&#187; custom_padding_tablet=&#187;170px||50px|&#187;][et_pb_row _builder_version=&#187;3.25&#8243;][et_pb_column type=&#187;4_4&#8243; _builder_version=&#187;3.25&#8243; custom_padding=&#187;|||&#187; custom_padding__hover=&#187;|||&#187;][et_pb_text admin_label=&#187;Title&#187; _builder_version=&#187;4.9.1&#8243; text_font=&#187;||||||||&#187; header_font=&#187;Oswald|700|on|on|||||&#187; header_font_size=&#187;4.9vw&#187; header_letter_spacing=&#187;0.18em&#187; header_line_height=&#187;1.4em&#187; header_2_font=&#187;||||||||&#187; text_orientation=&#187;center&#187; background_layout=&#187;dark&#187; custom_margin=&#187;||0px&#187; custom_margin_tablet=&#187;|||0vw&#187; custom_margin_phone=&#187;||0px&#187; custom_margin_last_edited=&#187;off|desktop&#187; animation_style=&#187;slide&#187; animation_direction=&#187;top&#187; animation_delay=&#187;100ms&#187; animation_intensity_slide=&#187;10%&#187; header_font_size_tablet=&#187;7.5vw&#187; header_font_size_phone=&#187;&#187; header_font_size_last_edited=&#187;on|phone&#187; header_text_shadow_style=&#187;preset3&#8243; header_text_shadow_blur_strength=&#187;0.4em&#187; header_text_shadow_color=&#187;rgba(255,255,255,0.6)&#187; header_2_font_size__hover=&#187;26px&#187; header_2_font_size__hover_enabled=&#187;26px&#187; header_2_letter_spacing__hover=&#187;0px&#187; header_2_letter_spacing__hover_enabled=&#187;0px&#187; header_2_line_height__hover=&#187;1em&#187; header_2_line_height__hover_enabled=&#187;1em&#187; header_2_text_shadow_style__hover=&#187;none&#187; header_2_text_shadow_style__hover_enabled=&#187;none&#187; header_2_text_shadow_color__hover=&#187;rgba(0,0,0,0.4)&#187; header_2_text_shadow_color__hover_enabled=&#187;rgba(0,0,0,0.4)&#187;] Besuchen Sie uns! [\/et_pb_text][\/et_pb_column][\/et_pb_row][et_pb_row [&hellip;]<\/p>","protected":false},"author":1,"featured_media":0,"parent":0,"menu_order":0,"comment_status":"closed","ping_status":"closed","template":"","meta":{"_et_pb_use_builder":"on","_et_pb_old_content":"<!-- wp:code -->\n<pre class=\"wp-block-code\"><code>&#91;osm_map_v3 map_center=\"46.9998,7.2091\" zoom=\"11.5\" width=\"95%\" height=\"450\" post_markers=\"1\" control=\"scaleline\"]<\/code><\/pre>\n<!-- \/wp:code -->","_et_gb_content_width":"","footnotes":""},"yoast_head":"<!-- This site is optimized with the Yoast SEO plugin v21.1 - https:\/\/yoast.com\/wordpress\/plugins\/seo\/ -->\n<title>Anfahrt \/ Kontakt - Seel\u00e4nderspargeln<\/title>\n<meta name=\"description\" content=\"Seel\u00e4nderspargeln, die Spargeln aus dem Seeland, aus Fr\u00e4schels, saisonal, regional, frisch.\" \/>\n<meta name=\"robots\" content=\"index, follow, max-snippet:-1, max-image-preview:large, max-video-preview:-1\" \/>\n<link rel=\"canonical\" href=\"https:\/\/www.seelaenderspargeln.ch\/fr\/anfahrt-kontakt\/\" \/>\n<meta property=\"og:locale\" content=\"fr_FR\" \/>\n<meta property=\"og:type\" content=\"article\" \/>\n<meta property=\"og:title\" content=\"Anfahrt \/ Kontakt - Seel\u00e4nderspargeln\" \/>\n<meta property=\"og:description\" content=\"Seel\u00e4nderspargeln, die Spargeln aus dem Seeland, aus Fr\u00e4schels, saisonal, regional, frisch.\" \/>\n<meta property=\"og:url\" content=\"https:\/\/www.seelaenderspargeln.ch\/fr\/anfahrt-kontakt\/\" \/>\n<meta property=\"og:site_name\" content=\"Seel\u00e4nderspargeln\" \/>\n<meta property=\"article:publisher\" content=\"https:\/\/de-de.facebook.com\/Seelaenderspargeln\/\" \/>\n<meta property=\"article:modified_time\" content=\"2021-04-14T05:32:27+00:00\" \/>\n<meta name=\"twitter:card\" content=\"summary_large_image\" \/>\n<meta name=\"twitter:label1\" content=\"Dur\u00e9e de lecture estim\u00e9e\" \/>\n\t<meta name=\"twitter:data1\" content=\"6 minutes\" \/>\n<script type=\"application\/ld+json\" class=\"yoast-schema-graph\">{\"@context\":\"https:\/\/schema.org\",\"@graph\":[{\"@type\":\"WebPage\",\"@id\":\"https:\/\/www.seelaenderspargeln.ch\/anfahrt-kontakt\/\",\"url\":\"https:\/\/www.seelaenderspargeln.ch\/anfahrt-kontakt\/\",\"name\":\"Anfahrt \/ Kontakt - Seel\u00e4nderspargeln\",\"isPartOf\":{\"@id\":\"https:\/\/www.seelaenderspargeln.ch\/#website\"},\"datePublished\":\"2021-02-13T15:30:27+00:00\",\"dateModified\":\"2021-04-14T05:32:27+00:00\",\"description\":\"Seel\u00e4nderspargeln, die Spargeln aus dem Seeland, aus Fr\u00e4schels, saisonal, regional, frisch.\",\"breadcrumb\":{\"@id\":\"https:\/\/www.seelaenderspargeln.ch\/anfahrt-kontakt\/#breadcrumb\"},\"inLanguage\":\"fr-FR\",\"potentialAction\":[{\"@type\":\"ReadAction\",\"target\":[\"https:\/\/www.seelaenderspargeln.ch\/anfahrt-kontakt\/\"]}]},{\"@type\":\"BreadcrumbList\",\"@id\":\"https:\/\/www.seelaenderspargeln.ch\/anfahrt-kontakt\/#breadcrumb\",\"itemListElement\":[{\"@type\":\"ListItem\",\"position\":1,\"name\":\"Home\",\"item\":\"https:\/\/www.seelaenderspargeln.ch\/\"},{\"@type\":\"ListItem\",\"position\":2,\"name\":\"Anfahrt \/ Kontakt\"}]},{\"@type\":\"WebSite\",\"@id\":\"https:\/\/www.seelaenderspargeln.ch\/#website\",\"url\":\"https:\/\/www.seelaenderspargeln.ch\/\",\"name\":\"Seel\u00e4nderspargeln\",\"description\":\"Spargeln aus dem Seeland\",\"publisher\":{\"@id\":\"https:\/\/www.seelaenderspargeln.ch\/#organization\"},\"potentialAction\":[{\"@type\":\"SearchAction\",\"target\":{\"@type\":\"EntryPoint\",\"urlTemplate\":\"https:\/\/www.seelaenderspargeln.ch\/?s={search_term_string}\"},\"query-input\":\"required name=search_term_string\"}],\"inLanguage\":\"fr-FR\"},{\"@type\":\"Organization\",\"@id\":\"https:\/\/www.seelaenderspargeln.ch\/#organization\",\"name\":\"Seel\u00e4nderspargeln GmbH\",\"url\":\"https:\/\/www.seelaenderspargeln.ch\/\",\"logo\":{\"@type\":\"ImageObject\",\"inLanguage\":\"fr-FR\",\"@id\":\"https:\/\/www.seelaenderspargeln.ch\/#\/schema\/logo\/image\/\",\"url\":\"https:\/\/www.seelaenderspargeln.ch\/wp-content\/uploads\/2020\/04\/spargellogo4.png\",\"contentUrl\":\"https:\/\/www.seelaenderspargeln.ch\/wp-content\/uploads\/2020\/04\/spargellogo4.png\",\"width\":500,\"height\":165,\"caption\":\"Seel\u00e4nderspargeln GmbH\"},\"image\":{\"@id\":\"https:\/\/www.seelaenderspargeln.ch\/#\/schema\/logo\/image\/\"},\"sameAs\":[\"https:\/\/de-de.facebook.com\/Seelaenderspargeln\/\",\"https:\/\/www.instagram.com\/seelaenderspargeln\/?hl=de\"]}]}<\/script>\n<!-- \/ Yoast SEO plugin. -->","yoast_head_json":{"title":"Anfahrt \/ Kontakt - Seel\u00e4nderspargeln","description":"Seel\u00e4nderspargeln, die Spargeln aus dem Seeland, aus Fr\u00e4schels, saisonal, regional, frisch.","robots":{"index":"index","follow":"follow","max-snippet":"max-snippet:-1","max-image-preview":"max-image-preview:large","max-video-preview":"max-video-preview:-1"},"canonical":"https:\/\/www.seelaenderspargeln.ch\/fr\/anfahrt-kontakt\/","og_locale":"fr_FR","og_type":"article","og_title":"Anfahrt \/ Kontakt - Seel\u00e4nderspargeln","og_description":"Seel\u00e4nderspargeln, die Spargeln aus dem Seeland, aus Fr\u00e4schels, saisonal, regional, frisch.","og_url":"https:\/\/www.seelaenderspargeln.ch\/fr\/anfahrt-kontakt\/","og_site_name":"Seel\u00e4nderspargeln","article_publisher":"https:\/\/de-de.facebook.com\/Seelaenderspargeln\/","article_modified_time":"2021-04-14T05:32:27+00:00","twitter_card":"summary_large_image","twitter_misc":{"Dur\u00e9e de lecture estim\u00e9e":"6 minutes"},"schema":{"@context":"https:\/\/schema.org","@graph":[{"@type":"WebPage","@id":"https:\/\/www.seelaenderspargeln.ch\/anfahrt-kontakt\/","url":"https:\/\/www.seelaenderspargeln.ch\/anfahrt-kontakt\/","name":"Anfahrt \/ Kontakt - Seel\u00e4nderspargeln","isPartOf":{"@id":"https:\/\/www.seelaenderspargeln.ch\/#website"},"datePublished":"2021-02-13T15:30:27+00:00","dateModified":"2021-04-14T05:32:27+00:00","description":"Seel\u00e4nderspargeln, die Spargeln aus dem Seeland, aus Fr\u00e4schels, saisonal, regional, frisch.","breadcrumb":{"@id":"https:\/\/www.seelaenderspargeln.ch\/anfahrt-kontakt\/#breadcrumb"},"inLanguage":"fr-FR","potentialAction":[{"@type":"ReadAction","target":["https:\/\/www.seelaenderspargeln.ch\/anfahrt-kontakt\/"]}]},{"@type":"BreadcrumbList","@id":"https:\/\/www.seelaenderspargeln.ch\/anfahrt-kontakt\/#breadcrumb","itemListElement":[{"@type":"ListItem","position":1,"name":"Home","item":"https:\/\/www.seelaenderspargeln.ch\/"},{"@type":"ListItem","position":2,"name":"Anfahrt \/ Kontakt"}]},{"@type":"WebSite","@id":"https:\/\/www.seelaenderspargeln.ch\/#website","url":"https:\/\/www.seelaenderspargeln.ch\/","name":"Seel\u00e4nderspargeln","description":"Spargeln aus dem Seeland","publisher":{"@id":"https:\/\/www.seelaenderspargeln.ch\/#organization"},"potentialAction":[{"@type":"SearchAction","target":{"@type":"EntryPoint","urlTemplate":"https:\/\/www.seelaenderspargeln.ch\/?s={search_term_string}"},"query-input":"required name=search_term_string"}],"inLanguage":"fr-FR"},{"@type":"Organization","@id":"https:\/\/www.seelaenderspargeln.ch\/#organization","name":"Seel\u00e4nderspargeln GmbH","url":"https:\/\/www.seelaenderspargeln.ch\/","logo":{"@type":"ImageObject","inLanguage":"fr-FR","@id":"https:\/\/www.seelaenderspargeln.ch\/#\/schema\/logo\/image\/","url":"https:\/\/www.seelaenderspargeln.ch\/wp-content\/uploads\/2020\/04\/spargellogo4.png","contentUrl":"https:\/\/www.seelaenderspargeln.ch\/wp-content\/uploads\/2020\/04\/spargellogo4.png","width":500,"height":165,"caption":"Seel\u00e4nderspargeln GmbH"},"image":{"@id":"https:\/\/www.seelaenderspargeln.ch\/#\/schema\/logo\/image\/"},"sameAs":["https:\/\/de-de.facebook.com\/Seelaenderspargeln\/","https:\/\/www.instagram.com\/seelaenderspargeln\/?hl=de"]}]}},"_links":{"self":[{"href":"https:\/\/www.seelaenderspargeln.ch\/fr\/wp-json\/wp\/v2\/pages\/487"}],"collection":[{"href":"https:\/\/www.seelaenderspargeln.ch\/fr\/wp-json\/wp\/v2\/pages"}],"about":[{"href":"https:\/\/www.seelaenderspargeln.ch\/fr\/wp-json\/wp\/v2\/types\/page"}],"author":[{"embeddable":true,"href":"https:\/\/www.seelaenderspargeln.ch\/fr\/wp-json\/wp\/v2\/users\/1"}],"replies":[{"embeddable":true,"href":"https:\/\/www.seelaenderspargeln.ch\/fr\/wp-json\/wp\/v2\/comments?post=487"}],"version-history":[{"count":53,"href":"https:\/\/www.seelaenderspargeln.ch\/fr\/wp-json\/wp\/v2\/pages\/487\/revisions"}],"predecessor-version":[{"id":1225,"href":"https:\/\/www.seelaenderspargeln.ch\/fr\/wp-json\/wp\/v2\/pages\/487\/revisions\/1225"}],"wp:attachment":[{"href":"https:\/\/www.seelaenderspargeln.ch\/fr\/wp-json\/wp\/v2\/media?parent=487"}],"curies":[{"name":"wp","href":"https:\/\/api.w.org\/{rel}","templated":true}]}}