{"id":1265,"date":"2021-05-10T19:58:05","date_gmt":"2021-05-10T18:58:05","guid":{"rendered":"https:\/\/www.seelaenderspargeln.ch\/?page_id=1265"},"modified":"2023-04-10T17:50:52","modified_gmt":"2023-04-10T16:50:52","slug":"hofladen-in-worben","status":"publish","type":"page","link":"https:\/\/www.seelaenderspargeln.ch\/fr\/hofladen-in-worben\/","title":{"rendered":"MAGASIN DE LA FERME \u00e0 Worben"},"content":{"rendered":"<p>[et_pb_section fb_built=&#187;1&#8243; custom_padding_last_edited=&#187;off|desktop&#187; admin_label=&#187;Header&#187; _builder_version=&#187;4.9.2&#8243; use_background_color_gradient=&#187;on&#187; background_color_gradient_start=&#187;rgba(38,45,63,0.67)&#187; background_color_gradient_end=&#187;#262d3f&#187; background_color_gradient_overlays_image=&#187;on&#187; background_image=&#187;https:\/\/www.seelaenderspargeln.ch\/wp-content\/uploads\/2021\/04\/hofladenworben.jpg&#187; custom_padding=&#187;5vw||5vw||true|false&#187; custom_padding_tablet=&#187;170px||50px|&#187;][et_pb_row _builder_version=&#187;3.25&#8243;][et_pb_column type=&#187;4_4&#8243; _builder_version=&#187;3.25&#8243; custom_padding=&#187;|||&#187; custom_padding__hover=&#187;|||&#187;][et_pb_text admin_label=&#187;Title&#187; _builder_version=&#187;4.9.2&#8243; text_font=&#187;||||||||&#187; header_font=&#187;|700|on|on|||||&#187; header_font_size=&#187;2.8vw&#187; header_letter_spacing=&#187;0.18em&#187; header_line_height=&#187;1.4em&#187; header_2_font=&#187;||||||||&#187; text_orientation=&#187;center&#187; background_layout=&#187;dark&#187; custom_margin=&#187;||0px&#187; custom_margin_tablet=&#187;|||0vw&#187; custom_margin_phone=&#187;||0px&#187; custom_margin_last_edited=&#187;off|desktop&#187; animation_style=&#187;slide&#187; animation_direction=&#187;top&#187; animation_delay=&#187;100ms&#187; animation_intensity_slide=&#187;10%&#187; header_font_size_tablet=&#187;7.5vw&#187; header_font_size_phone=&#187;&#187; header_font_size_last_edited=&#187;on|phone&#187; header_text_shadow_style=&#187;preset3&#8243; header_text_shadow_blur_strength=&#187;0.4em&#187; header_text_shadow_color=&#187;rgba(255,255,255,0.6)&#187; header_2_font_size__hover=&#187;26px&#187; header_2_font_size__hover_enabled=&#187;26px&#187; header_2_letter_spacing__hover=&#187;0px&#187; header_2_letter_spacing__hover_enabled=&#187;0px&#187; header_2_line_height__hover=&#187;1em&#187; header_2_line_height__hover_enabled=&#187;1em&#187; header_2_text_shadow_style__hover=&#187;none&#187; header_2_text_shadow_style__hover_enabled=&#187;none&#187; header_2_text_shadow_color__hover=&#187;rgba(0,0,0,0.4)&#187; header_2_text_shadow_color__hover_enabled=&#187;rgba(0,0,0,0.4)&#187;]<\/p>\n<h1>MAGASIN DE LA FERME \u00e0 Worben<\/h1>\n<p>[\/et_pb_text][\/et_pb_column][\/et_pb_row][et_pb_row _builder_version=&#187;4.9.1&#8243; _module_preset=&#187;default&#187;][et_pb_column type=&#187;4_4&#8243; _builder_version=&#187;4.9.1&#8243; _module_preset=&#187;default&#187;][et_pb_text _builder_version=&#187;4.9.2&#8243; _module_preset=&#187;default&#187; text_text_color=&#187;#FFFFFF&#187; text_font_size=&#187;16px&#187; header_font=&#187;||||||||&#187; header_text_color=&#187;#FFFFFF&#187; header_2_text_color=&#187;#FFFFFF&#187;]<\/p>\n<h2 style=\"text-align: center;\"><strong>Seel\u00e4nderspargeln GmbH<br \/><\/strong><\/h2>\n<h2 style=\"text-align: center;\"><strong>Hauptstrasse 69<br \/><\/strong><\/h2>\n<h2 style=\"text-align: center;\"><strong>3252 Worben<br \/><\/strong><\/h2>\n<h2 style=\"text-align: center;\"><strong>031 755 65 14<br \/><\/strong><\/h2>\n<p>[\/et_pb_text][\/et_pb_column][\/et_pb_row][et_pb_row column_structure=&#187;1_2,1_2&#8243; _builder_version=&#187;4.9.2&#8243; _module_preset=&#187;default&#187;][et_pb_column type=&#187;1_2&#8243; _builder_version=&#187;4.9.2&#8243; _module_preset=&#187;default&#187;][et_pb_code _builder_version=&#187;4.9.2&#8243; _module_preset=&#187;default&#187;]<iframe src=\"https:\/\/www.google.com\/maps\/embed?pb=!1m14!1m8!1m3!1d10864.933832211522!2d7.2911243!3d47.0944938!3m2!1i1024!2i768!4f13.1!3m3!1m2!1s0x0%3A0x3d9d62690d2860cd!2sSeel%C3%A4nderspargeln%20GmbH!5e0!3m2!1sde!2sch!4v1620672876026!5m2!1sde!2sch\" width=\"600\" height=\"450\" style=\"border:0;\" allowfullscreen=\"\" loading=\"lazy\"><\/iframe>[\/et_pb_code][\/et_pb_column][et_pb_column type=&#187;1_2&#8243; _builder_version=&#187;4.9.2&#8243; _module_preset=&#187;default&#187;][et_pb_text _builder_version=&#187;4.9.2&#8243; _module_preset=&#187;default&#187; text_text_color=&#187;#FFFFFF&#187; text_font_size=&#187;25px&#187; header_text_color=&#187;#a1d82c&#187; header_2_text_color=&#187;#a1d82c&#187; header_5_text_color=&#187;#FFFFFF&#187; hover_enabled=&#187;0&#8243; sticky_enabled=&#187;0&#8243;]<\/p>\n<h3><strong><\/strong><\/h3>\n<h1><strong>\u00a0 Heures d'ouverture<\/strong><\/h1>\n<p><strong><\/strong><\/p>\n<p><strong><\/strong><\/p>\n<table style=\"height: 168px; width: 100%; border-collapse: collapse;\" border=\"0\">\n<tbody>\n<tr style=\"height: 24px;\">\n<td style=\"width: 50%; height: 24px;\"><strong>Lundi:<\/strong><\/td>\n<td style=\"width: 50%; height: 24px;\"><strong>10:00 bis 18:00<\/strong><\/td>\n<\/tr>\n<tr style=\"height: 24px;\">\n<td style=\"width: 50%; height: 24px;\"><strong>Mardi:<\/strong><\/td>\n<td style=\"width: 50%; height: 24px;\"><strong>10:00 bis 18:00<\/strong><\/td>\n<\/tr>\n<tr style=\"height: 24px;\">\n<td style=\"width: 50%; height: 24px;\"><strong>Mercredi:<\/strong><\/td>\n<td style=\"width: 50%; height: 24px;\"><strong>10:00 bis 18:00<\/strong><\/td>\n<\/tr>\n<tr style=\"height: 24px;\">\n<td style=\"width: 50%; height: 24px;\"><strong>Jeudi:<\/strong><\/td>\n<td style=\"width: 50%; height: 24px;\"><strong>10:00 bis 18:00<\/strong><\/td>\n<\/tr>\n<tr style=\"height: 24px;\">\n<td style=\"width: 50%; height: 24px;\"><strong>Vendredi:<\/strong><\/td>\n<td style=\"width: 50%; height: 24px;\"><strong>10:00 bis 18:00<\/strong><\/td>\n<\/tr>\n<tr style=\"height: 24px;\">\n<td style=\"width: 50%; height: 24px;\"><strong>Samedi:<\/strong><\/td>\n<td style=\"width: 50%; height: 24px;\"><strong>10:00 bis 18:00<\/strong><\/td>\n<\/tr>\n<tr style=\"height: 24px;\">\n<td style=\"width: 50%; height: 24px;\"><strong>Dimanche:<\/strong><\/td>\n<td style=\"width: 50%; height: 24px;\"><strong>10:00 bis 18:00<\/strong><\/td>\n<\/tr>\n<\/tbody>\n<\/table>\n<h5>\u00a0\u00a0\u00a0\u00a0\u00a0 Ouvert \u00e9galement les jours f\u00e9ri\u00e9s<\/h5>\n<p>[\/et_pb_text][\/et_pb_column][\/et_pb_row][\/et_pb_section]<\/p>","protected":false},"excerpt":{"rendered":"<p>[et_pb_section fb_built=&#187;1&#8243; custom_padding_last_edited=&#187;off|desktop&#187; admin_label=&#187;Header&#187; _builder_version=&#187;4.9.2&#8243; use_background_color_gradient=&#187;on&#187; background_color_gradient_start=&#187;rgba(38,45,63,0.67)&#187; background_color_gradient_end=&#187;#262d3f&#187; background_color_gradient_overlays_image=&#187;on&#187; background_image=&#187;https:\/\/www.seelaenderspargeln.ch\/wp-content\/uploads\/2021\/04\/hofladenworben.jpg&#187; custom_padding=&#187;5vw||5vw||true|false&#187; custom_padding_tablet=&#187;170px||50px|&#187;][et_pb_row _builder_version=&#187;3.25&#8243;][et_pb_column type=&#187;4_4&#8243; _builder_version=&#187;3.25&#8243; custom_padding=&#187;|||&#187; custom_padding__hover=&#187;|||&#187;][et_pb_text admin_label=&#187;Title&#187; _builder_version=&#187;4.9.2&#8243; text_font=&#187;||||||||&#187; header_font=&#187;|700|on|on|||||&#187; header_font_size=&#187;2.8vw&#187; header_letter_spacing=&#187;0.18em&#187; header_line_height=&#187;1.4em&#187; header_2_font=&#187;||||||||&#187; text_orientation=&#187;center&#187; background_layout=&#187;dark&#187; custom_margin=&#187;||0px&#187; custom_margin_tablet=&#187;|||0vw&#187; custom_margin_phone=&#187;||0px&#187; custom_margin_last_edited=&#187;off|desktop&#187; animation_style=&#187;slide&#187; animation_direction=&#187;top&#187; animation_delay=&#187;100ms&#187; animation_intensity_slide=&#187;10%&#187; header_font_size_tablet=&#187;7.5vw&#187; header_font_size_phone=&#187;&#187; header_font_size_last_edited=&#187;on|phone&#187; header_text_shadow_style=&#187;preset3&#8243; header_text_shadow_blur_strength=&#187;0.4em&#187; header_text_shadow_color=&#187;rgba(255,255,255,0.6)&#187; header_2_font_size__hover=&#187;26px&#187; header_2_font_size__hover_enabled=&#187;26px&#187; header_2_letter_spacing__hover=&#187;0px&#187; header_2_letter_spacing__hover_enabled=&#187;0px&#187; header_2_line_height__hover=&#187;1em&#187; header_2_line_height__hover_enabled=&#187;1em&#187; header_2_text_shadow_style__hover=&#187;none&#187; header_2_text_shadow_style__hover_enabled=&#187;none&#187; header_2_text_shadow_color__hover=&#187;rgba(0,0,0,0.4)&#187; header_2_text_shadow_color__hover_enabled=&#187;rgba(0,0,0,0.4)&#187;] Hofladen in Worben [\/et_pb_text][\/et_pb_column][\/et_pb_row][et_pb_row [&hellip;]<\/p>","protected":false},"author":1,"featured_media":0,"parent":0,"menu_order":0,"comment_status":"closed","ping_status":"closed","template":"","meta":{"_et_pb_use_builder":"on","_et_pb_old_content":"","_et_gb_content_width":"","footnotes":""},"yoast_head":"<!-- This site is optimized with the Yoast SEO plugin v21.1 - https:\/\/yoast.com\/wordpress\/plugins\/seo\/ -->\n<title>Hofladen in Worben - Seel\u00e4nderspargeln<\/title>\n<meta name=\"description\" content=\"Seel\u00e4nderspargeln, die Spargeln aus dem Seeland, aus Fr\u00e4schels, saisonal, regional, frisch.\" \/>\n<meta name=\"robots\" content=\"index, follow, max-snippet:-1, max-image-preview:large, max-video-preview:-1\" \/>\n<link rel=\"canonical\" href=\"https:\/\/www.seelaenderspargeln.ch\/fr\/hofladen-in-worben\/\" \/>\n<meta property=\"og:locale\" content=\"fr_FR\" \/>\n<meta property=\"og:type\" content=\"article\" \/>\n<meta property=\"og:title\" content=\"Hofladen in Worben - Seel\u00e4nderspargeln\" \/>\n<meta property=\"og:description\" content=\"Seel\u00e4nderspargeln, die Spargeln aus dem Seeland, aus Fr\u00e4schels, saisonal, regional, frisch.\" \/>\n<meta property=\"og:url\" content=\"https:\/\/www.seelaenderspargeln.ch\/fr\/hofladen-in-worben\/\" \/>\n<meta property=\"og:site_name\" content=\"Seel\u00e4nderspargeln\" \/>\n<meta property=\"article:publisher\" content=\"https:\/\/de-de.facebook.com\/Seelaenderspargeln\/\" \/>\n<meta property=\"article:modified_time\" content=\"2023-04-10T16:50:52+00:00\" \/>\n<meta name=\"twitter:card\" content=\"summary_large_image\" \/>\n<meta name=\"twitter:label1\" content=\"Dur\u00e9e de lecture estim\u00e9e\" \/>\n\t<meta name=\"twitter:data1\" content=\"2 minutes\" \/>\n<script type=\"application\/ld+json\" class=\"yoast-schema-graph\">{\"@context\":\"https:\/\/schema.org\",\"@graph\":[{\"@type\":\"WebPage\",\"@id\":\"https:\/\/www.seelaenderspargeln.ch\/hofladen-in-worben\/\",\"url\":\"https:\/\/www.seelaenderspargeln.ch\/hofladen-in-worben\/\",\"name\":\"Hofladen in Worben - Seel\u00e4nderspargeln\",\"isPartOf\":{\"@id\":\"https:\/\/www.seelaenderspargeln.ch\/#website\"},\"datePublished\":\"2021-05-10T18:58:05+00:00\",\"dateModified\":\"2023-04-10T16:50:52+00:00\",\"description\":\"Seel\u00e4nderspargeln, die Spargeln aus dem Seeland, aus Fr\u00e4schels, saisonal, regional, frisch.\",\"breadcrumb\":{\"@id\":\"https:\/\/www.seelaenderspargeln.ch\/hofladen-in-worben\/#breadcrumb\"},\"inLanguage\":\"fr-FR\",\"potentialAction\":[{\"@type\":\"ReadAction\",\"target\":[\"https:\/\/www.seelaenderspargeln.ch\/hofladen-in-worben\/\"]}]},{\"@type\":\"BreadcrumbList\",\"@id\":\"https:\/\/www.seelaenderspargeln.ch\/hofladen-in-worben\/#breadcrumb\",\"itemListElement\":[{\"@type\":\"ListItem\",\"position\":1,\"name\":\"Home\",\"item\":\"https:\/\/www.seelaenderspargeln.ch\/\"},{\"@type\":\"ListItem\",\"position\":2,\"name\":\"Hofladen in Worben\"}]},{\"@type\":\"WebSite\",\"@id\":\"https:\/\/www.seelaenderspargeln.ch\/#website\",\"url\":\"https:\/\/www.seelaenderspargeln.ch\/\",\"name\":\"Seel\u00e4nderspargeln\",\"description\":\"Spargeln aus dem Seeland\",\"publisher\":{\"@id\":\"https:\/\/www.seelaenderspargeln.ch\/#organization\"},\"potentialAction\":[{\"@type\":\"SearchAction\",\"target\":{\"@type\":\"EntryPoint\",\"urlTemplate\":\"https:\/\/www.seelaenderspargeln.ch\/?s={search_term_string}\"},\"query-input\":\"required name=search_term_string\"}],\"inLanguage\":\"fr-FR\"},{\"@type\":\"Organization\",\"@id\":\"https:\/\/www.seelaenderspargeln.ch\/#organization\",\"name\":\"Seel\u00e4nderspargeln GmbH\",\"url\":\"https:\/\/www.seelaenderspargeln.ch\/\",\"logo\":{\"@type\":\"ImageObject\",\"inLanguage\":\"fr-FR\",\"@id\":\"https:\/\/www.seelaenderspargeln.ch\/#\/schema\/logo\/image\/\",\"url\":\"https:\/\/www.seelaenderspargeln.ch\/wp-content\/uploads\/2020\/04\/spargellogo4.png\",\"contentUrl\":\"https:\/\/www.seelaenderspargeln.ch\/wp-content\/uploads\/2020\/04\/spargellogo4.png\",\"width\":500,\"height\":165,\"caption\":\"Seel\u00e4nderspargeln GmbH\"},\"image\":{\"@id\":\"https:\/\/www.seelaenderspargeln.ch\/#\/schema\/logo\/image\/\"},\"sameAs\":[\"https:\/\/de-de.facebook.com\/Seelaenderspargeln\/\",\"https:\/\/www.instagram.com\/seelaenderspargeln\/?hl=de\"]}]}<\/script>\n<!-- \/ Yoast SEO plugin. -->","yoast_head_json":{"title":"Hofladen in Worben - Seel\u00e4nderspargeln","description":"Seel\u00e4nderspargeln, die Spargeln aus dem Seeland, aus Fr\u00e4schels, saisonal, regional, frisch.","robots":{"index":"index","follow":"follow","max-snippet":"max-snippet:-1","max-image-preview":"max-image-preview:large","max-video-preview":"max-video-preview:-1"},"canonical":"https:\/\/www.seelaenderspargeln.ch\/fr\/hofladen-in-worben\/","og_locale":"fr_FR","og_type":"article","og_title":"Hofladen in Worben - Seel\u00e4nderspargeln","og_description":"Seel\u00e4nderspargeln, die Spargeln aus dem Seeland, aus Fr\u00e4schels, saisonal, regional, frisch.","og_url":"https:\/\/www.seelaenderspargeln.ch\/fr\/hofladen-in-worben\/","og_site_name":"Seel\u00e4nderspargeln","article_publisher":"https:\/\/de-de.facebook.com\/Seelaenderspargeln\/","article_modified_time":"2023-04-10T16:50:52+00:00","twitter_card":"summary_large_image","twitter_misc":{"Dur\u00e9e de lecture estim\u00e9e":"2 minutes"},"schema":{"@context":"https:\/\/schema.org","@graph":[{"@type":"WebPage","@id":"https:\/\/www.seelaenderspargeln.ch\/hofladen-in-worben\/","url":"https:\/\/www.seelaenderspargeln.ch\/hofladen-in-worben\/","name":"Hofladen in Worben - Seel\u00e4nderspargeln","isPartOf":{"@id":"https:\/\/www.seelaenderspargeln.ch\/#website"},"datePublished":"2021-05-10T18:58:05+00:00","dateModified":"2023-04-10T16:50:52+00:00","description":"Seel\u00e4nderspargeln, die Spargeln aus dem Seeland, aus Fr\u00e4schels, saisonal, regional, frisch.","breadcrumb":{"@id":"https:\/\/www.seelaenderspargeln.ch\/hofladen-in-worben\/#breadcrumb"},"inLanguage":"fr-FR","potentialAction":[{"@type":"ReadAction","target":["https:\/\/www.seelaenderspargeln.ch\/hofladen-in-worben\/"]}]},{"@type":"BreadcrumbList","@id":"https:\/\/www.seelaenderspargeln.ch\/hofladen-in-worben\/#breadcrumb","itemListElement":[{"@type":"ListItem","position":1,"name":"Home","item":"https:\/\/www.seelaenderspargeln.ch\/"},{"@type":"ListItem","position":2,"name":"Hofladen in Worben"}]},{"@type":"WebSite","@id":"https:\/\/www.seelaenderspargeln.ch\/#website","url":"https:\/\/www.seelaenderspargeln.ch\/","name":"Seel\u00e4nderspargeln","description":"Spargeln aus dem Seeland","publisher":{"@id":"https:\/\/www.seelaenderspargeln.ch\/#organization"},"potentialAction":[{"@type":"SearchAction","target":{"@type":"EntryPoint","urlTemplate":"https:\/\/www.seelaenderspargeln.ch\/?s={search_term_string}"},"query-input":"required name=search_term_string"}],"inLanguage":"fr-FR"},{"@type":"Organization","@id":"https:\/\/www.seelaenderspargeln.ch\/#organization","name":"Seel\u00e4nderspargeln GmbH","url":"https:\/\/www.seelaenderspargeln.ch\/","logo":{"@type":"ImageObject","inLanguage":"fr-FR","@id":"https:\/\/www.seelaenderspargeln.ch\/#\/schema\/logo\/image\/","url":"https:\/\/www.seelaenderspargeln.ch\/wp-content\/uploads\/2020\/04\/spargellogo4.png","contentUrl":"https:\/\/www.seelaenderspargeln.ch\/wp-content\/uploads\/2020\/04\/spargellogo4.png","width":500,"height":165,"caption":"Seel\u00e4nderspargeln GmbH"},"image":{"@id":"https:\/\/www.seelaenderspargeln.ch\/#\/schema\/logo\/image\/"},"sameAs":["https:\/\/de-de.facebook.com\/Seelaenderspargeln\/","https:\/\/www.instagram.com\/seelaenderspargeln\/?hl=de"]}]}},"_links":{"self":[{"href":"https:\/\/www.seelaenderspargeln.ch\/fr\/wp-json\/wp\/v2\/pages\/1265"}],"collection":[{"href":"https:\/\/www.seelaenderspargeln.ch\/fr\/wp-json\/wp\/v2\/pages"}],"about":[{"href":"https:\/\/www.seelaenderspargeln.ch\/fr\/wp-json\/wp\/v2\/types\/page"}],"author":[{"embeddable":true,"href":"https:\/\/www.seelaenderspargeln.ch\/fr\/wp-json\/wp\/v2\/users\/1"}],"replies":[{"embeddable":true,"href":"https:\/\/www.seelaenderspargeln.ch\/fr\/wp-json\/wp\/v2\/comments?post=1265"}],"version-history":[{"count":7,"href":"https:\/\/www.seelaenderspargeln.ch\/fr\/wp-json\/wp\/v2\/pages\/1265\/revisions"}],"predecessor-version":[{"id":1541,"href":"https:\/\/www.seelaenderspargeln.ch\/fr\/wp-json\/wp\/v2\/pages\/1265\/revisions\/1541"}],"wp:attachment":[{"href":"https:\/\/www.seelaenderspargeln.ch\/fr\/wp-json\/wp\/v2\/media?parent=1265"}],"curies":[{"name":"wp","href":"https:\/\/api.w.org\/{rel}","templated":true}]}}