{"id":1129,"date":"2021-04-02T06:38:05","date_gmt":"2021-04-02T05:38:05","guid":{"rendered":"http:\/\/www.seelaenderspargeln.ch\/?page_id=1129"},"modified":"2021-04-04T07:00:54","modified_gmt":"2021-04-04T06:00:54","slug":"newsletter-abmeldebestaetigung","status":"publish","type":"page","link":"https:\/\/www.seelaenderspargeln.ch\/fr\/newsletter-abmeldebestaetigung\/","title":{"rendered":"Newsletter Abmeldebest\u00e4tigung"},"content":{"rendered":"<p>[et_pb_section fb_built=&#187;1&#8243; custom_padding_last_edited=&#187;off|desktop&#187; admin_label=&#187;Header&#187; _builder_version=&#187;4.9.2&#8243; use_background_color_gradient=&#187;on&#187; background_color_gradient_start=&#187;rgba(38,45,63,0.67)&#187; background_color_gradient_end=&#187;#262d3f&#187; background_color_gradient_overlays_image=&#187;on&#187; background_image=&#187;https:\/\/www.seelaenderspargeln.ch\/wp-content\/uploads\/2021\/03\/beizlititelbild.jpg&#187; custom_padding=&#187;10vw||10vw||true|false&#187; custom_padding_tablet=&#187;170px||50px|&#187;][et_pb_row _builder_version=&#187;3.25&#8243;][et_pb_column type=&#187;4_4&#8243; _builder_version=&#187;3.25&#8243; custom_padding=&#187;|||&#187; custom_padding__hover=&#187;|||&#187;][et_pb_text admin_label=&#187;Title&#187; _builder_version=&#187;4.9.2&#8243; text_font=&#187;||||||||&#187; header_font=&#187;|700|on|on|||||&#187; header_font_size=&#187;4.9vw&#187; header_letter_spacing=&#187;0.18em&#187; header_line_height=&#187;1.4em&#187; header_2_font=&#187;||||||||&#187; header_2_font_size=&#187;50px&#187; text_orientation=&#187;center&#187; background_layout=&#187;dark&#187; custom_margin=&#187;||0px&#187; custom_margin_tablet=&#187;|||0vw&#187; custom_margin_phone=&#187;||0px&#187; custom_margin_last_edited=&#187;off|desktop&#187; animation_style=&#187;slide&#187; animation_direction=&#187;top&#187; animation_delay=&#187;100ms&#187; animation_intensity_slide=&#187;10%&#187; header_font_size_tablet=&#187;7.5vw&#187; header_font_size_phone=&#187;&#187; header_font_size_last_edited=&#187;on|phone&#187; header_text_shadow_style=&#187;preset3&#8243; header_text_shadow_blur_strength=&#187;0.4em&#187; header_text_shadow_color=&#187;rgba(255,255,255,0.6)&#187; header_2_font_size__hover=&#187;26px&#187; header_2_font_size__hover_enabled=&#187;26px&#187; header_2_letter_spacing__hover=&#187;0px&#187; header_2_letter_spacing__hover_enabled=&#187;0px&#187; header_2_line_height__hover=&#187;1em&#187; header_2_line_height__hover_enabled=&#187;1em&#187; header_2_text_shadow_style__hover=&#187;none&#187; header_2_text_shadow_style__hover_enabled=&#187;none&#187; header_2_text_shadow_color__hover=&#187;rgba(0,0,0,0.4)&#187; header_2_text_shadow_color__hover_enabled=&#187;rgba(0,0,0,0.4)&#187;]<\/p>\n<h2>Seel\u00e4nderspargeln Newsletter-Abmeldung<\/h2>\n<p>[\/et_pb_text][et_pb_text _builder_version=&#187;4.9.2&#8243; text_font=&#187;||||||||&#187; text_font_size=&#187;21px&#187; text_line_height=&#187;2em&#187; ul_font=&#187;||||||||&#187; ol_font=&#187;||||||||&#187; header_font=&#187;||||||||&#187; header_2_font=&#187;||||||||&#187; header_3_font=&#187;||||||||&#187; header_4_font=&#187;||||||||&#187; header_5_font=&#187;||||||||&#187; header_6_font=&#187;||||||||&#187; text_orientation=&#187;center&#187; background_layout=&#187;dark&#187; max_width=&#187;500px&#187; module_alignment=&#187;center&#187; animation_style=&#187;slide&#187; animation_direction=&#187;top&#187; animation_intensity_slide=&#187;5%&#187; animation_starting_opacity=&#187;100%&#187; locked=&#187;off&#187;]<\/p>\n<p style=\"text-align: center;\"><strong><\/strong><\/p>\n<p style=\"text-align: center;\"><strong>Wir haben Ihre Abmeldung erfasst.<\/strong><\/p>\n<p style=\"text-align: center;\"><strong>Ihre Daten werden gel\u00f6scht.<\/strong><\/p>\n<p>[\/et_pb_text][et_pb_button button_url=&#187;@ET-DC@eyJkeW5hbWljIjp0cnVlLCJjb250ZW50IjoicG9zdF9saW5rX3VybF9wYWdlIiwic2V0dGluZ3MiOnsicG9zdF9pZCI6IjYxIn19@&#187; button_text=&#187;Zur Startseite&#187; button_alignment=&#187;center&#187; _builder_version=&#187;4.9.2&#8243; _dynamic_attributes=&#187;button_url&#187; _module_preset=&#187;default&#187; custom_button=&#187;on&#187; button_text_color=&#187;#FFFFFF&#187; button_bg_color=&#187;#a1d82c&#187; hover_enabled=&#187;0&#8243; box_shadow_style=&#187;preset2&#8243; box_shadow_color=&#187;#a1d82c&#187; button_border_radius=&#187;25px&#187; sticky_enabled=&#187;0&#8243;][\/et_pb_button][\/et_pb_column][\/et_pb_row][\/et_pb_section][et_pb_section fb_built=&#187;1&#8243; fullwidth=&#187;on&#187; admin_label=&#187;Map&#187; _builder_version=&#187;4.9.2&#8243; background_image=&#187;https:\/\/www.seelaenderspargeln.ch\/wp-content\/uploads\/2021\/03\/beizlititelbild.jpg&#187;][et_pb_fullwidth_map address=&#187;San Francisco, CA, USA&#187; zoom_level=&#187;19&#8243; address_lat=&#187;37.7749295&#8243; address_lng=&#187;-122.4194155&#8243; mouse_wheel=&#187;off&#187; _builder_version=&#187;3.16.1&#8243; filter_saturate=&#187;0%&#187; filter_opacity=&#187;56%&#187;][et_pb_map_pin pin_address=&#187;San Francisco, CA, USA&#187; pin_address_lat=&#187;37.7749295&#8243; pin_address_lng=&#187;-122.4194155&#8243; _builder_version=&#187;3.9&#8243;][\/et_pb_map_pin][\/et_pb_fullwidth_map][\/et_pb_section]<\/p>","protected":false},"excerpt":{"rendered":"<p>[et_pb_section fb_built=&#187;1&#8243; custom_padding_last_edited=&#187;off|desktop&#187; admin_label=&#187;Header&#187; _builder_version=&#187;4.9.2&#8243; use_background_color_gradient=&#187;on&#187; background_color_gradient_start=&#187;rgba(38,45,63,0.67)&#187; background_color_gradient_end=&#187;#262d3f&#187; background_color_gradient_overlays_image=&#187;on&#187; background_image=&#187;https:\/\/www.seelaenderspargeln.ch\/wp-content\/uploads\/2021\/03\/beizlititelbild.jpg&#187; custom_padding=&#187;10vw||10vw||true|false&#187; custom_padding_tablet=&#187;170px||50px|&#187;][et_pb_row _builder_version=&#187;3.25&#8243;][et_pb_column type=&#187;4_4&#8243; _builder_version=&#187;3.25&#8243; custom_padding=&#187;|||&#187; custom_padding__hover=&#187;|||&#187;][et_pb_text admin_label=&#187;Title&#187; _builder_version=&#187;4.9.2&#8243; text_font=&#187;||||||||&#187; header_font=&#187;|700|on|on|||||&#187; header_font_size=&#187;4.9vw&#187; header_letter_spacing=&#187;0.18em&#187; header_line_height=&#187;1.4em&#187; header_2_font=&#187;||||||||&#187; header_2_font_size=&#187;50px&#187; text_orientation=&#187;center&#187; background_layout=&#187;dark&#187; custom_margin=&#187;||0px&#187; custom_margin_tablet=&#187;|||0vw&#187; custom_margin_phone=&#187;||0px&#187; custom_margin_last_edited=&#187;off|desktop&#187; animation_style=&#187;slide&#187; animation_direction=&#187;top&#187; animation_delay=&#187;100ms&#187; animation_intensity_slide=&#187;10%&#187; header_font_size_tablet=&#187;7.5vw&#187; header_font_size_phone=&#187;&#187; header_font_size_last_edited=&#187;on|phone&#187; header_text_shadow_style=&#187;preset3&#8243; header_text_shadow_blur_strength=&#187;0.4em&#187; header_text_shadow_color=&#187;rgba(255,255,255,0.6)&#187; header_2_font_size__hover=&#187;26px&#187; header_2_font_size__hover_enabled=&#187;26px&#187; header_2_letter_spacing__hover=&#187;0px&#187; header_2_letter_spacing__hover_enabled=&#187;0px&#187; header_2_line_height__hover=&#187;1em&#187; header_2_line_height__hover_enabled=&#187;1em&#187; header_2_text_shadow_style__hover=&#187;none&#187; header_2_text_shadow_style__hover_enabled=&#187;none&#187; header_2_text_shadow_color__hover=&#187;rgba(0,0,0,0.4)&#187; header_2_text_shadow_color__hover_enabled=&#187;rgba(0,0,0,0.4)&#187;] Seel\u00e4nderspargeln Newsletter-Abmeldung [\/et_pb_text][et_pb_text [&hellip;]<\/p>","protected":false},"author":1,"featured_media":0,"parent":0,"menu_order":0,"comment_status":"closed","ping_status":"closed","template":"","meta":{"_et_pb_use_builder":"on","_et_pb_old_content":"","_et_gb_content_width":"","footnotes":""},"yoast_head":"<!-- This site is optimized with the Yoast SEO plugin v21.1 - https:\/\/yoast.com\/wordpress\/plugins\/seo\/ -->\n<title>Newsletter Abmeldebest\u00e4tigung - Seel\u00e4nderspargeln<\/title>\n<meta name=\"description\" content=\"Seel\u00e4nderspargeln, die Spargeln aus dem Seeland, aus Fr\u00e4schels, saisonal, regional, frisch.\" \/>\n<meta name=\"robots\" content=\"index, follow, max-snippet:-1, max-image-preview:large, max-video-preview:-1\" \/>\n<link rel=\"canonical\" href=\"https:\/\/www.seelaenderspargeln.ch\/fr\/newsletter-abmeldebestaetigung\/\" \/>\n<meta property=\"og:locale\" content=\"fr_FR\" \/>\n<meta property=\"og:type\" content=\"article\" \/>\n<meta property=\"og:title\" content=\"Newsletter Abmeldebest\u00e4tigung - Seel\u00e4nderspargeln\" \/>\n<meta property=\"og:description\" content=\"Seel\u00e4nderspargeln, die Spargeln aus dem Seeland, aus Fr\u00e4schels, saisonal, regional, frisch.\" \/>\n<meta property=\"og:url\" content=\"https:\/\/www.seelaenderspargeln.ch\/fr\/newsletter-abmeldebestaetigung\/\" \/>\n<meta property=\"og:site_name\" content=\"Seel\u00e4nderspargeln\" \/>\n<meta property=\"article:publisher\" content=\"https:\/\/de-de.facebook.com\/Seelaenderspargeln\/\" \/>\n<meta property=\"article:modified_time\" content=\"2021-04-04T06:00:54+00:00\" \/>\n<meta name=\"twitter:card\" content=\"summary_large_image\" \/>\n<meta name=\"twitter:label1\" content=\"Dur\u00e9e de lecture estim\u00e9e\" \/>\n\t<meta name=\"twitter:data1\" content=\"2 minutes\" \/>\n<script type=\"application\/ld+json\" class=\"yoast-schema-graph\">{\"@context\":\"https:\/\/schema.org\",\"@graph\":[{\"@type\":\"WebPage\",\"@id\":\"https:\/\/www.seelaenderspargeln.ch\/newsletter-abmeldebestaetigung\/\",\"url\":\"https:\/\/www.seelaenderspargeln.ch\/newsletter-abmeldebestaetigung\/\",\"name\":\"Newsletter Abmeldebest\u00e4tigung - Seel\u00e4nderspargeln\",\"isPartOf\":{\"@id\":\"https:\/\/www.seelaenderspargeln.ch\/#website\"},\"datePublished\":\"2021-04-02T05:38:05+00:00\",\"dateModified\":\"2021-04-04T06:00:54+00:00\",\"description\":\"Seel\u00e4nderspargeln, die Spargeln aus dem Seeland, aus Fr\u00e4schels, saisonal, regional, frisch.\",\"breadcrumb\":{\"@id\":\"https:\/\/www.seelaenderspargeln.ch\/newsletter-abmeldebestaetigung\/#breadcrumb\"},\"inLanguage\":\"fr-FR\",\"potentialAction\":[{\"@type\":\"ReadAction\",\"target\":[\"https:\/\/www.seelaenderspargeln.ch\/newsletter-abmeldebestaetigung\/\"]}]},{\"@type\":\"BreadcrumbList\",\"@id\":\"https:\/\/www.seelaenderspargeln.ch\/newsletter-abmeldebestaetigung\/#breadcrumb\",\"itemListElement\":[{\"@type\":\"ListItem\",\"position\":1,\"name\":\"Home\",\"item\":\"https:\/\/www.seelaenderspargeln.ch\/\"},{\"@type\":\"ListItem\",\"position\":2,\"name\":\"Newsletter Abmeldebest\u00e4tigung\"}]},{\"@type\":\"WebSite\",\"@id\":\"https:\/\/www.seelaenderspargeln.ch\/#website\",\"url\":\"https:\/\/www.seelaenderspargeln.ch\/\",\"name\":\"Seel\u00e4nderspargeln\",\"description\":\"Spargeln aus dem Seeland\",\"publisher\":{\"@id\":\"https:\/\/www.seelaenderspargeln.ch\/#organization\"},\"potentialAction\":[{\"@type\":\"SearchAction\",\"target\":{\"@type\":\"EntryPoint\",\"urlTemplate\":\"https:\/\/www.seelaenderspargeln.ch\/?s={search_term_string}\"},\"query-input\":\"required name=search_term_string\"}],\"inLanguage\":\"fr-FR\"},{\"@type\":\"Organization\",\"@id\":\"https:\/\/www.seelaenderspargeln.ch\/#organization\",\"name\":\"Seel\u00e4nderspargeln GmbH\",\"url\":\"https:\/\/www.seelaenderspargeln.ch\/\",\"logo\":{\"@type\":\"ImageObject\",\"inLanguage\":\"fr-FR\",\"@id\":\"https:\/\/www.seelaenderspargeln.ch\/#\/schema\/logo\/image\/\",\"url\":\"https:\/\/www.seelaenderspargeln.ch\/wp-content\/uploads\/2020\/04\/spargellogo4.png\",\"contentUrl\":\"https:\/\/www.seelaenderspargeln.ch\/wp-content\/uploads\/2020\/04\/spargellogo4.png\",\"width\":500,\"height\":165,\"caption\":\"Seel\u00e4nderspargeln GmbH\"},\"image\":{\"@id\":\"https:\/\/www.seelaenderspargeln.ch\/#\/schema\/logo\/image\/\"},\"sameAs\":[\"https:\/\/de-de.facebook.com\/Seelaenderspargeln\/\",\"https:\/\/www.instagram.com\/seelaenderspargeln\/?hl=de\"]}]}<\/script>\n<!-- \/ Yoast SEO plugin. -->","yoast_head_json":{"title":"Newsletter Abmeldebest\u00e4tigung - Seel\u00e4nderspargeln","description":"Seel\u00e4nderspargeln, die Spargeln aus dem Seeland, aus Fr\u00e4schels, saisonal, regional, frisch.","robots":{"index":"index","follow":"follow","max-snippet":"max-snippet:-1","max-image-preview":"max-image-preview:large","max-video-preview":"max-video-preview:-1"},"canonical":"https:\/\/www.seelaenderspargeln.ch\/fr\/newsletter-abmeldebestaetigung\/","og_locale":"fr_FR","og_type":"article","og_title":"Newsletter Abmeldebest\u00e4tigung - Seel\u00e4nderspargeln","og_description":"Seel\u00e4nderspargeln, die Spargeln aus dem Seeland, aus Fr\u00e4schels, saisonal, regional, frisch.","og_url":"https:\/\/www.seelaenderspargeln.ch\/fr\/newsletter-abmeldebestaetigung\/","og_site_name":"Seel\u00e4nderspargeln","article_publisher":"https:\/\/de-de.facebook.com\/Seelaenderspargeln\/","article_modified_time":"2021-04-04T06:00:54+00:00","twitter_card":"summary_large_image","twitter_misc":{"Dur\u00e9e de lecture estim\u00e9e":"2 minutes"},"schema":{"@context":"https:\/\/schema.org","@graph":[{"@type":"WebPage","@id":"https:\/\/www.seelaenderspargeln.ch\/newsletter-abmeldebestaetigung\/","url":"https:\/\/www.seelaenderspargeln.ch\/newsletter-abmeldebestaetigung\/","name":"Newsletter Abmeldebest\u00e4tigung - Seel\u00e4nderspargeln","isPartOf":{"@id":"https:\/\/www.seelaenderspargeln.ch\/#website"},"datePublished":"2021-04-02T05:38:05+00:00","dateModified":"2021-04-04T06:00:54+00:00","description":"Seel\u00e4nderspargeln, die Spargeln aus dem Seeland, aus Fr\u00e4schels, saisonal, regional, frisch.","breadcrumb":{"@id":"https:\/\/www.seelaenderspargeln.ch\/newsletter-abmeldebestaetigung\/#breadcrumb"},"inLanguage":"fr-FR","potentialAction":[{"@type":"ReadAction","target":["https:\/\/www.seelaenderspargeln.ch\/newsletter-abmeldebestaetigung\/"]}]},{"@type":"BreadcrumbList","@id":"https:\/\/www.seelaenderspargeln.ch\/newsletter-abmeldebestaetigung\/#breadcrumb","itemListElement":[{"@type":"ListItem","position":1,"name":"Home","item":"https:\/\/www.seelaenderspargeln.ch\/"},{"@type":"ListItem","position":2,"name":"Newsletter Abmeldebest\u00e4tigung"}]},{"@type":"WebSite","@id":"https:\/\/www.seelaenderspargeln.ch\/#website","url":"https:\/\/www.seelaenderspargeln.ch\/","name":"Seel\u00e4nderspargeln","description":"Spargeln aus dem Seeland","publisher":{"@id":"https:\/\/www.seelaenderspargeln.ch\/#organization"},"potentialAction":[{"@type":"SearchAction","target":{"@type":"EntryPoint","urlTemplate":"https:\/\/www.seelaenderspargeln.ch\/?s={search_term_string}"},"query-input":"required name=search_term_string"}],"inLanguage":"fr-FR"},{"@type":"Organization","@id":"https:\/\/www.seelaenderspargeln.ch\/#organization","name":"Seel\u00e4nderspargeln GmbH","url":"https:\/\/www.seelaenderspargeln.ch\/","logo":{"@type":"ImageObject","inLanguage":"fr-FR","@id":"https:\/\/www.seelaenderspargeln.ch\/#\/schema\/logo\/image\/","url":"https:\/\/www.seelaenderspargeln.ch\/wp-content\/uploads\/2020\/04\/spargellogo4.png","contentUrl":"https:\/\/www.seelaenderspargeln.ch\/wp-content\/uploads\/2020\/04\/spargellogo4.png","width":500,"height":165,"caption":"Seel\u00e4nderspargeln GmbH"},"image":{"@id":"https:\/\/www.seelaenderspargeln.ch\/#\/schema\/logo\/image\/"},"sameAs":["https:\/\/de-de.facebook.com\/Seelaenderspargeln\/","https:\/\/www.instagram.com\/seelaenderspargeln\/?hl=de"]}]}},"_links":{"self":[{"href":"https:\/\/www.seelaenderspargeln.ch\/fr\/wp-json\/wp\/v2\/pages\/1129"}],"collection":[{"href":"https:\/\/www.seelaenderspargeln.ch\/fr\/wp-json\/wp\/v2\/pages"}],"about":[{"href":"https:\/\/www.seelaenderspargeln.ch\/fr\/wp-json\/wp\/v2\/types\/page"}],"author":[{"embeddable":true,"href":"https:\/\/www.seelaenderspargeln.ch\/fr\/wp-json\/wp\/v2\/users\/1"}],"replies":[{"embeddable":true,"href":"https:\/\/www.seelaenderspargeln.ch\/fr\/wp-json\/wp\/v2\/comments?post=1129"}],"version-history":[{"count":4,"href":"https:\/\/www.seelaenderspargeln.ch\/fr\/wp-json\/wp\/v2\/pages\/1129\/revisions"}],"predecessor-version":[{"id":1161,"href":"https:\/\/www.seelaenderspargeln.ch\/fr\/wp-json\/wp\/v2\/pages\/1129\/revisions\/1161"}],"wp:attachment":[{"href":"https:\/\/www.seelaenderspargeln.ch\/fr\/wp-json\/wp\/v2\/media?parent=1129"}],"curies":[{"name":"wp","href":"https:\/\/api.w.org\/{rel}","templated":true}]}}